{"id":75,"date":"2012-03-07T01:41:58","date_gmt":"2012-03-07T00:41:58","guid":{"rendered":"http:\/\/artemiss.cz\/?page_id=75"},"modified":"2024-02-22T16:44:24","modified_gmt":"2024-02-22T15:44:24","slug":"permanentni-make-up","status":"publish","type":"page","link":"http:\/\/artemiss.cz\/?page_id=75","title":{"rendered":"Permanentn\u00ed make-up"},"content":{"rendered":"<p style=\"text-align: left;\"><a href=\"http:\/\/artemiss.cz\/wp-content\/uploads\/2012\/03\/Fotolia_14653658_XS.jpg\" data-rel=\"lightbox-image-0\" data-rl_title=\"\" data-rl_caption=\"\"><img loading=\"lazy\" decoding=\"async\" class=\"size-full wp-image-409 aligncenter\" title=\"\" src=\"http:\/\/artemiss.cz\/wp-content\/uploads\/2012\/03\/Fotolia_14653658_XS.jpg\" alt=\"\" width=\"423\" height=\"283\" srcset=\"http:\/\/artemiss.cz\/wp-content\/uploads\/2012\/03\/Fotolia_14653658_XS.jpg 423w, http:\/\/artemiss.cz\/wp-content\/uploads\/2012\/03\/Fotolia_14653658_XS-300x200.jpg 300w\" sizes=\"(max-width: 423px) 100vw, 423px\" \/><\/a><\/p>\n<p style=\"text-align: center;\"><strong style=\"font-style: inherit;\">Blanka Pe\u0161kov\u00e1<br \/>\n<\/strong><\/p>\n<p style=\"text-align: center;\"><em style=\"font-weight: inherit;\"><strong style=\"font-style: inherit;\">objedn\u00e1vky: \u00a0724 261 302<\/strong><\/em><\/p>\n<p style=\"text-align: center;\"><em><strong>Bu\u010fte kr\u00e1sn\u00e1 hned po probuzen\u00ed.<\/strong><\/em><\/p>\n<p style=\"text-align: left;\"><span style=\"color: #993300;\"><em><strong><span style=\"text-decoration: underline;\">V\u00fdhody permanentn\u00edho make-upu:<\/span><\/strong><\/em><\/span><\/p>\n<ul style=\"text-align: left;\">\n<li><em><strong>je vhodn\u00fd pro \u017eeny, kter\u00e9 jsou alergick\u00e9 na l\u00ed\u010didla<\/strong><\/em><\/li>\n<li><em><strong>pro \u017eeny, co nos\u00ed br\u00fdle a l\u00ed\u010den\u00ed je pro n\u011b obt\u00ed\u017en\u00e9<\/strong><\/em><\/li>\n<li><em><strong>pro \u017eeny, kter\u00e9 se nerady l\u00ed\u010d\u00ed nebo se jim to neda\u0159\u00ed<\/strong><\/em><\/li>\n<li><em><strong>odpad\u00e1v\u00e1 rozmaz\u00e1v\u00e1n\u00ed rt\u011bnky do okol\u00ed rt\u016f, rozmaz\u00e1v\u00e1n\u00ed o\u010dn\u00ed tu\u017eky<\/strong><\/em><\/li>\n<li><em><strong>zkoordinuje drobn\u00e9 kosmetick\u00e9 nedostatky<\/strong><\/em><\/li>\n<\/ul>\n<p style=\"text-align: left;\"><span style=\"color: #993300;\"><em><strong><span style=\"text-decoration: underline;\">Aplikace permanentn\u00edho make-upu:<\/span><\/strong><\/em><\/span><\/p>\n<ul style=\"text-align: left;\">\n<li><em><strong>vpravov\u00e1n\u00ed p\u0159\u00edrodn\u00edch barviv do vrchn\u00ed vrstvy k\u016f\u017ee speci\u00e1ln\u00edm tetovac\u00edm p\u0159\u00edstrojem<\/strong><\/em><\/li>\n<li><em><strong>vzhledem k mimo\u0159\u00e1dn\u011b \u00fa\u010dinn\u00e9 lok\u00e1ln\u00ed anest\u00e9zii, zcela ojedin\u011bl\u00e9 na zdej\u0161\u00edm trhu,<\/strong><\/em><\/li>\n<li><em><strong>aplikace je <span style=\"text-decoration: underline;\">bezbolestn\u00e1.<\/span><\/strong><\/em><\/li>\n<\/ul>\n<p style=\"text-align: left;\"><span style=\"color: #993300;\"><em><strong><span style=\"text-decoration: underline;\">P\u0159\u00edrodn\u00ed pigmenty:<\/span><\/strong><\/em><\/span><\/p>\n<ul style=\"text-align: left;\">\n<li><em><strong>p\u0159\u00edrodn\u00ed pigmenty jsou zdravotn\u011b nez\u00e1vadn\u00e9<\/strong><\/em><\/li>\n<li><em><strong>dal\u0161\u00ed p\u0159ednost\u00ed p\u0159\u00edrodn\u00edch pigment\u016f je, \u017ee po dvou a\u017e t\u0159ech letech postupn\u011b miz\u00ed.<\/strong><\/em><\/li>\n<\/ul>\n<p style=\"text-align: left;\"><span style=\"color: #993300;\"><em><strong><span style=\"text-decoration: underline;\">Cen\u00edk permanentn\u00edho make-upu:<\/span><\/strong><\/em><\/span><\/p>\n<p style=\"text-align: left;\"><em><strong>V\u00fdpl\u0148, kontura a zv\u011bt\u0161en\u00ed rt\u016f \u00a0 \u00a0 6100 K\u010d<\/strong><\/em><\/p>\n<p style=\"text-align: left;\"><em><strong>Kontura rt\u016f \u00a0 \u00a0 \u00a0 \u00a0 \u00a0 \u00a0 \u00a0 \u00a0 \u00a0 \u00a0 \u00a0 \u00a0 \u00a0 \u00a0 \u00a0 \u00a0 \u00a0 \u00a0 \u00a0 \u00a0 \u00a04400 K\u010d<\/strong><\/em><\/p>\n<p style=\"text-align: left;\"><em><strong>\u00a0O\u010dn\u00ed linky horn\u00ed \u00a0 \u00a0 \u00a0 \u00a0 \u00a0 \u00a0 \u00a0 \u00a0 \u00a0 \u00a0 \u00a0 \u00a0 \u00a0 \u00a0 \u00a0 \u00a04600 K\u010d<\/strong><\/em><\/p>\n<p style=\"text-align: left;\"><em><strong>O\u010dn\u00ed linky doln\u00ed \u00a0 \u00a0 \u00a0 \u00a0 \u00a0 \u00a0 \u00a0 \u00a0 \u00a0 \u00a0 \u00a0 \u00a0 \u00a0 \u00a0 \u00a0 \u00a0 \u00a02900 K\u010d<\/strong><\/em><\/p>\n<p style=\"text-align: left;\"><em><strong>Obo\u010d\u00ed \u00a0 \u00a0 \u00a0 \u00a0 \u00a0 \u00a0 \u00a0 \u00a0 \u00a0 \u00a0 \u00a0 \u00a0 \u00a0 \u00a0 \u00a0 \u00a0 \u00a0 \u00a0 \u00a0 \u00a0 \u00a0 \u00a0 \u00a0 \u00a0 \u00a0 \u00a0 \u00a0 \u00a05600 K\u010d<\/strong><\/em><\/p>\n<p style=\"text-align: center;\"><em><strong>\u00a0<\/strong><strong>Ka\u017ed\u00e1 dal\u0161\u00ed korekce do 5ti m\u011bs\u00edc\u016f od prvn\u00ed aplikace 1460, &#8211; K\u010d<\/strong><\/em><\/p>\n<p style=\"text-align: center;\"><em>\u00a0<strong><span style=\"text-decoration: underline;\">Dopln\u011bn\u00ed permanentu do 24 m\u011bs\u00edc\u016f od prvn\u00ed aplikace 50% sleva<\/span><\/strong><strong><span style=\"text-decoration: underline;\"> z ceny, nelze kombinovat s dal\u0161\u00edmi slevami.<\/span><\/strong><\/em><\/p>\n","protected":false},"excerpt":{"rendered":"<p>Blanka Pe\u0161kov\u00e1 objedn\u00e1vky: \u00a0724 261 302 Bu\u010fte kr\u00e1sn\u00e1 hned po probuzen\u00ed. V\u00fdhody permanentn\u00edho make-upu: je vhodn\u00fd pro \u017eeny, kter\u00e9 jsou alergick\u00e9 na l\u00ed\u010didla pro \u017eeny, co nos\u00ed br\u00fdle a l\u00ed\u010den\u00ed je pro n\u011b obt\u00ed\u017en\u00e9 pro \u017eeny, kter\u00e9 se nerady l\u00ed\u010d\u00ed nebo se jim to neda\u0159\u00ed odpad\u00e1v\u00e1 rozmaz\u00e1v\u00e1n\u00ed rt\u011bnky do okol\u00ed rt\u016f, rozmaz\u00e1v\u00e1n\u00ed o\u010dn\u00ed tu\u017eky zkoordinuje &hellip; <\/p>\n","protected":false},"author":1,"featured_media":0,"parent":0,"menu_order":0,"comment_status":"closed","ping_status":"closed","template":"","meta":{"footnotes":""},"class_list":["post-75","page","type-page","status-publish","hentry"],"_links":{"self":[{"href":"http:\/\/artemiss.cz\/index.php?rest_route=\/wp\/v2\/pages\/75"}],"collection":[{"href":"http:\/\/artemiss.cz\/index.php?rest_route=\/wp\/v2\/pages"}],"about":[{"href":"http:\/\/artemiss.cz\/index.php?rest_route=\/wp\/v2\/types\/page"}],"author":[{"embeddable":true,"href":"http:\/\/artemiss.cz\/index.php?rest_route=\/wp\/v2\/users\/1"}],"replies":[{"embeddable":true,"href":"http:\/\/artemiss.cz\/index.php?rest_route=%2Fwp%2Fv2%2Fcomments&post=75"}],"version-history":[{"count":42,"href":"http:\/\/artemiss.cz\/index.php?rest_route=\/wp\/v2\/pages\/75\/revisions"}],"predecessor-version":[{"id":1910,"href":"http:\/\/artemiss.cz\/index.php?rest_route=\/wp\/v2\/pages\/75\/revisions\/1910"}],"wp:attachment":[{"href":"http:\/\/artemiss.cz\/index.php?rest_route=%2Fwp%2Fv2%2Fmedia&parent=75"}],"curies":[{"name":"wp","href":"https:\/\/api.w.org\/{rel}","templated":true}]}}