{"id":255,"date":"2012-03-11T20:53:56","date_gmt":"2012-03-11T19:53:56","guid":{"rendered":"http:\/\/artemiss.cz\/?page_id=255"},"modified":"2024-02-19T16:34:20","modified_gmt":"2024-02-19T15:34:20","slug":"nase-sluzby","status":"publish","type":"page","link":"https:\/\/artemiss.cz\/?page_id=255","title":{"rendered":"Na\u0161e slu\u017eby"},"content":{"rendered":"<p style=\"text-align: center;\"><strong><a href=\"http:\/\/artemiss.cz\/?page_id=131\">KADE\u0158NICTV\u00cd<\/a>,<\/strong><\/p>\n<p style=\"text-align: center;\"><strong><a href=\"http:\/\/artemiss.cz\/?page_id=18\">KOSMETICK\u00c9 SLU\u017dBY<\/a>,\u00a0<\/strong><strong><a href=\"http:\/\/artemiss.cz\/?page_id=313\">L\u00cd\u010cEN\u00cd<\/a>,\u00a0<\/strong><strong><a href=\"http:\/\/artemiss.cz\/?page_id=100\">PERMANENTN\u00cd \u0158ASY<\/a>,<a href=\"http:\/\/artemiss.cz\/?page_id=75\">\u00a0<\/a><\/strong><strong><a href=\"http:\/\/artemiss.cz\/?page_id=75\">PERMANENTN\u00cd MAKE-UP<\/a>,<a href=\"http:\/\/artemiss.cz\/?page_id=40\">\u00a0<\/a><\/strong><\/p>\n<p style=\"text-align: center;\"><strong><a href=\"http:\/\/artemiss.cz\/?page_id=78\">NEHTOV\u00c1 MODEL\u00c1\u017d<\/a>,\u00a0<\/strong><strong><a title=\"P\u00e9\u010de o ruce\" href=\"http:\/\/artemiss.cz\/?page_id=875\">MANIK\u00daRA a GEL-LAK<\/a><a href=\"http:\/\/artemiss.cz\/?page_id=84\">, PEDIK\u00daRA<\/a>,\u00a0<\/strong><\/p>\n<p style=\"text-align: center;\"><strong><a href=\"http:\/\/artemiss.cz\/?page_id=40\">MAS\u00c1\u017dE<\/a>,\u00a0<\/strong><strong><a href=\"http:\/\/artemiss.cz\/?page_id=333\">REIKI,<\/a> <a href=\"http:\/\/artemiss.cz\/?page_id=1775\">V\u00ddKLAD KARET<\/a><\/strong><\/p>\n<p style=\"text-align: center;\"><a href=\"http:\/\/artemiss.cz\/wp-content\/uploads\/2012\/03\/Fotolia_38265989_XS.jpg\" data-rel=\"lightbox-image-0\" data-rl_title=\"\" data-rl_caption=\"\"><img loading=\"lazy\" decoding=\"async\" class=\"aligncenter size-full wp-image-596\" title=\"\" src=\"http:\/\/artemiss.cz\/wp-content\/uploads\/2012\/03\/Fotolia_38265989_XS.jpg\" alt=\"\" width=\"312\" height=\"385\" srcset=\"https:\/\/artemiss.cz\/wp-content\/uploads\/2012\/03\/Fotolia_38265989_XS.jpg 312w, https:\/\/artemiss.cz\/wp-content\/uploads\/2012\/03\/Fotolia_38265989_XS-243x300.jpg 243w\" sizes=\"(max-width: 312px) 100vw, 312px\" \/><\/a><\/p>\n","protected":false},"excerpt":{"rendered":"<p>KADE\u0158NICTV\u00cd, KOSMETICK\u00c9 SLU\u017dBY,\u00a0L\u00cd\u010cEN\u00cd,\u00a0PERMANENTN\u00cd \u0158ASY,\u00a0PERMANENTN\u00cd MAKE-UP,\u00a0 NEHTOV\u00c1 MODEL\u00c1\u017d,\u00a0MANIK\u00daRA a GEL-LAK, PEDIK\u00daRA,\u00a0 MAS\u00c1\u017dE,\u00a0REIKI, V\u00ddKLAD KARET<\/p>\n","protected":false},"author":1,"featured_media":0,"parent":0,"menu_order":0,"comment_status":"closed","ping_status":"closed","template":"","meta":{"footnotes":""},"class_list":["post-255","page","type-page","status-publish","hentry"],"_links":{"self":[{"href":"https:\/\/artemiss.cz\/index.php?rest_route=\/wp\/v2\/pages\/255"}],"collection":[{"href":"https:\/\/artemiss.cz\/index.php?rest_route=\/wp\/v2\/pages"}],"about":[{"href":"https:\/\/artemiss.cz\/index.php?rest_route=\/wp\/v2\/types\/page"}],"author":[{"embeddable":true,"href":"https:\/\/artemiss.cz\/index.php?rest_route=\/wp\/v2\/users\/1"}],"replies":[{"embeddable":true,"href":"https:\/\/artemiss.cz\/index.php?rest_route=%2Fwp%2Fv2%2Fcomments&post=255"}],"version-history":[{"count":35,"href":"https:\/\/artemiss.cz\/index.php?rest_route=\/wp\/v2\/pages\/255\/revisions"}],"predecessor-version":[{"id":1867,"href":"https:\/\/artemiss.cz\/index.php?rest_route=\/wp\/v2\/pages\/255\/revisions\/1867"}],"wp:attachment":[{"href":"https:\/\/artemiss.cz\/index.php?rest_route=%2Fwp%2Fv2%2Fmedia&parent=255"}],"curies":[{"name":"wp","href":"https:\/\/api.w.org\/{rel}","templated":true}]}}