{"id":261,"date":"2012-03-11T21:09:11","date_gmt":"2012-03-11T20:09:11","guid":{"rendered":"http:\/\/artemiss.cz\/?page_id=261"},"modified":"2013-09-21T01:00:04","modified_gmt":"2013-09-20T23:00:04","slug":"provozni-doba","status":"publish","type":"page","link":"https:\/\/artemiss.cz\/?page_id=261","title":{"rendered":"Provozn\u00ed doba"},"content":{"rendered":"<p style=\"text-align: center;\"><strong><em>POND\u011aL\u00cd A\u017d P\u00c1TEK<\/em><\/strong><\/p>\n<p style=\"text-align: center;\"><strong><em><\/em><\/strong><strong><em>10:00 &#8211; 20:00<\/em><\/strong><\/p>\n<p style=\"text-align: center;\"><span style=\"font-weight: 800;\"><em>SOBOTA<\/em><\/span><\/p>\n<p style=\"text-align: center;\"><strong><em>dle objedn\u00e1vek<\/em><\/strong><\/p>\n","protected":false},"excerpt":{"rendered":"<p>POND\u011aL\u00cd A\u017d P\u00c1TEK 10:00 &#8211; 20:00 SOBOTA dle objedn\u00e1vek<\/p>\n","protected":false},"author":1,"featured_media":0,"parent":0,"menu_order":0,"comment_status":"closed","ping_status":"closed","template":"","meta":{"footnotes":""},"class_list":["post-261","page","type-page","status-publish","hentry"],"_links":{"self":[{"href":"https:\/\/artemiss.cz\/index.php?rest_route=\/wp\/v2\/pages\/261"}],"collection":[{"href":"https:\/\/artemiss.cz\/index.php?rest_route=\/wp\/v2\/pages"}],"about":[{"href":"https:\/\/artemiss.cz\/index.php?rest_route=\/wp\/v2\/types\/page"}],"author":[{"embeddable":true,"href":"https:\/\/artemiss.cz\/index.php?rest_route=\/wp\/v2\/users\/1"}],"replies":[{"embeddable":true,"href":"https:\/\/artemiss.cz\/index.php?rest_route=%2Fwp%2Fv2%2Fcomments&post=261"}],"version-history":[{"count":8,"href":"https:\/\/artemiss.cz\/index.php?rest_route=\/wp\/v2\/pages\/261\/revisions"}],"predecessor-version":[{"id":822,"href":"https:\/\/artemiss.cz\/index.php?rest_route=\/wp\/v2\/pages\/261\/revisions\/822"}],"wp:attachment":[{"href":"https:\/\/artemiss.cz\/index.php?rest_route=%2Fwp%2Fv2%2Fmedia&parent=261"}],"curies":[{"name":"wp","href":"https:\/\/api.w.org\/{rel}","templated":true}]}}