{"id":91,"date":"2012-03-07T02:01:28","date_gmt":"2012-03-07T01:01:28","guid":{"rendered":"http:\/\/artemiss.cz\/?page_id=91"},"modified":"2023-02-22T18:08:34","modified_gmt":"2023-02-22T17:08:34","slug":"kontakt","status":"publish","type":"page","link":"https:\/\/artemiss.cz\/?page_id=91","title":{"rendered":"Kontakt"},"content":{"rendered":"<p style=\"text-align: center;\"><strong style=\"font-size: 1em; line-height: 1.5;\"><em>telefon&#8230;<\/em><\/strong><\/p>\n<p style=\"text-align: center;\"><strong><em>Blanka Pe\u0161kov\u00e1, majitelka salonu :\u00a0724 261 302<\/em><\/strong><\/p>\n<p style=\"text-align: center;\"><strong><em><a title=\"Kosmetick\u00e9 slu\u017eby\" href=\"http:\/\/artemiss.cz\/?page_id=18\">Kosmetick\u00e9 slu\u017eby<\/a>, <a title=\"L\u00ed\u010den\u00ed\" href=\"http:\/\/artemiss.cz\/?page_id=313\">l\u00ed\u010den\u00ed<\/a>, \u00a0<a title=\"Permanentn\u00ed make-up\" href=\"http:\/\/artemiss.cz\/?page_id=75\">permanetn\u00ed make-up<\/a>, <a title=\"Permanentn\u00ed \u0159asy\" href=\"http:\/\/artemiss.cz\/?page_id=100\">permanentn\u00ed \u0159asy<\/a>, <a title=\"Reiki\" href=\"http:\/\/artemiss.cz\/?page_id=333\">reiki<\/a><\/em><\/strong><\/p>\n<p>&nbsp;<\/p>\n<p style=\"text-align: center;\"><strong><em><a title=\"Jana Ciperov\u00e1\" href=\"http:\/\/artemiss.cz\/?page_id=1131\">\u00a0<\/a> <a href=\"http:\/\/artemiss.cz\/?page_id=1121\">Kade\u0159nictv\u00ed &#8211;<\/a> Petra Demeterov\u00e1: 607 443 021<\/em><\/strong><\/p>\n<p style=\"text-align: center;\"><strong><em><a title=\"Jana Ciperov\u00e1\" href=\"http:\/\/artemiss.cz\/?page_id=1131\">Kade\u0159nictv\u00ed &#8211; <\/a>Jana Ciperov\u00e1: 774 322 444<\/em><\/strong><\/p>\n<p style=\"text-align: center;\"><em><strong><a href=\"http:\/\/artemiss.cz\/?page_id=875\">Manik\u00fara, gel-lak<\/a>, <a href=\"http:\/\/artemiss.cz\/?page_id=1740\">nehtov\u00e1 model\u00e1\u017e &#8211;<\/a> Kate\u0159ina Hollovov\u00e1: 773 211 571<\/strong><\/em><\/p>\n<p style=\"text-align: center;\"><strong><em>\u00a0<a title=\"Mas\u00e1\u017ee a terapie\" href=\"http:\/\/artemiss.cz\/?page_id=40\">Mas\u00e1\u017ee a terapie &#8211; <\/a><b>Anast\u00e1zie Melkov\u00e1<\/b>: 775 342 580<\/em><\/strong><\/p>\n<p>&nbsp;<\/p>\n<p style=\"text-align: center;\"><strong><em>kde n\u00e1s najdete&#8230;<\/em><\/strong><\/p>\n<p style=\"text-align: center;\"><strong><em>Perunova 8, Kr\u00e1lovsk\u00e9 Vinohrady, 130 00 Praha 3<\/em><\/strong><\/p>\n","protected":false},"excerpt":{"rendered":"<p>telefon&#8230; Blanka Pe\u0161kov\u00e1, majitelka salonu :\u00a0724 261 302 Kosmetick\u00e9 slu\u017eby, l\u00ed\u010den\u00ed, \u00a0permanetn\u00ed make-up, permanentn\u00ed \u0159asy, reiki &nbsp; \u00a0 Kade\u0159nictv\u00ed &#8211; Petra Demeterov\u00e1: 607 443 021 Kade\u0159nictv\u00ed &#8211; Jana Ciperov\u00e1: 774 322 444 Manik\u00fara, gel-lak, nehtov\u00e1 model\u00e1\u017e &#8211; Kate\u0159ina Hollovov\u00e1: 773 211 571 \u00a0Mas\u00e1\u017ee a terapie &#8211; Anast\u00e1zie Melkov\u00e1: 775 342 580 &nbsp; kde n\u00e1s najdete&#8230; &hellip; <\/p>\n","protected":false},"author":1,"featured_media":0,"parent":0,"menu_order":0,"comment_status":"closed","ping_status":"closed","template":"","meta":{"footnotes":""},"class_list":["post-91","page","type-page","status-publish","hentry"],"_links":{"self":[{"href":"https:\/\/artemiss.cz\/index.php?rest_route=\/wp\/v2\/pages\/91"}],"collection":[{"href":"https:\/\/artemiss.cz\/index.php?rest_route=\/wp\/v2\/pages"}],"about":[{"href":"https:\/\/artemiss.cz\/index.php?rest_route=\/wp\/v2\/types\/page"}],"author":[{"embeddable":true,"href":"https:\/\/artemiss.cz\/index.php?rest_route=\/wp\/v2\/users\/1"}],"replies":[{"embeddable":true,"href":"https:\/\/artemiss.cz\/index.php?rest_route=%2Fwp%2Fv2%2Fcomments&post=91"}],"version-history":[{"count":56,"href":"https:\/\/artemiss.cz\/index.php?rest_route=\/wp\/v2\/pages\/91\/revisions"}],"predecessor-version":[{"id":1788,"href":"https:\/\/artemiss.cz\/index.php?rest_route=\/wp\/v2\/pages\/91\/revisions\/1788"}],"wp:attachment":[{"href":"https:\/\/artemiss.cz\/index.php?rest_route=%2Fwp%2Fv2%2Fmedia&parent=91"}],"curies":[{"name":"wp","href":"https:\/\/api.w.org\/{rel}","templated":true}]}}